{"id":2,"date":"2025-12-15T11:47:48","date_gmt":"2025-12-15T11:47:48","guid":{"rendered":"https:\/\/notas.eiconet.es\/?page_id=2"},"modified":"2025-12-15T12:15:01","modified_gmt":"2025-12-15T12:15:01","slug":"sample-page","status":"publish","type":"page","link":"https:\/\/notas.eiconet.es\/index.php\/sample-page\/","title":{"rendered":"La primera nota"},"content":{"rendered":"\n<p>Esta es una p\u00e1gina de ejemplo. Se diferencia de una entrada de blog porque permanece en un solo lugar y aparece en la navegaci\u00f3n del sitio (en la mayor\u00eda de los temas). La mayor\u00eda de las personas comienzan con una p\u00e1gina \u00abAcerca de\u00bb que presenta a los posibles visitantes. Podr\u00eda decir algo como esto:<\/p>\n\n\n\n<blockquote class=\"wp-block-quote is-layout-flow wp-block-quote-is-layout-flow\">\n<p>\u00a1Hola! Soy mensajero en bicicleta de d\u00eda, aspirante a actor de noche, y este es mi sitio web. Vivo en Los \u00c1ngeles, tengo un perro genial llamado Jack y me encantan las pi\u00f1as coladas (y que me pille la lluvia).<\/p>\n<\/blockquote>\n\n\n\n<p>&#8230;o algo como esto:<\/p>\n\n\n\n<blockquote class=\"wp-block-quote is-layout-flow wp-block-quote-is-layout-flow\">\n<p>Ya correspond\u00eda ubicar una zona para dejas las notas de los \u00faltimos 39 a\u00f1os. \u00a1La memoria es fr\u00e1gil, subjetiva y poco fiable!<\/p>\n<\/blockquote>\n\n\n\n<p>\u00abLa memoria es el \u00fanico para\u00edso del que no podemos ser expulsados\u00bb<\/p>\n\n\n\n<p><\/p>\n","protected":false},"excerpt":{"rendered":"<p>Esta es una p\u00e1gina de ejemplo. Se diferencia de una entrada de blog porque permanece en un solo lugar y aparece en la navegaci\u00f3n del sitio (en la mayor\u00eda de los temas). La mayor\u00eda de las personas comienzan con una p\u00e1gina \u00abAcerca de\u00bb que presenta a los posibles visitantes. Podr\u00eda decir algo como esto: \u00a1Hola! [&hellip;]<\/p>\n","protected":false},"author":1,"featured_media":0,"parent":0,"menu_order":0,"comment_status":"closed","ping_status":"closed","template":"","meta":{"footnotes":""},"class_list":["post-2","page","type-page","status-publish","hentry"],"_links":{"self":[{"href":"https:\/\/notas.eiconet.es\/index.php\/wp-json\/wp\/v2\/pages\/2","targetHints":{"allow":["GET"]}}],"collection":[{"href":"https:\/\/notas.eiconet.es\/index.php\/wp-json\/wp\/v2\/pages"}],"about":[{"href":"https:\/\/notas.eiconet.es\/index.php\/wp-json\/wp\/v2\/types\/page"}],"author":[{"embeddable":true,"href":"https:\/\/notas.eiconet.es\/index.php\/wp-json\/wp\/v2\/users\/1"}],"replies":[{"embeddable":true,"href":"https:\/\/notas.eiconet.es\/index.php\/wp-json\/wp\/v2\/comments?post=2"}],"version-history":[{"count":3,"href":"https:\/\/notas.eiconet.es\/index.php\/wp-json\/wp\/v2\/pages\/2\/revisions"}],"predecessor-version":[{"id":11,"href":"https:\/\/notas.eiconet.es\/index.php\/wp-json\/wp\/v2\/pages\/2\/revisions\/11"}],"wp:attachment":[{"href":"https:\/\/notas.eiconet.es\/index.php\/wp-json\/wp\/v2\/media?parent=2"}],"curies":[{"name":"wp","href":"https:\/\/api.w.org\/{rel}","templated":true}]}}